{"id":414,"date":"2015-02-19T15:14:17","date_gmt":"2015-02-19T13:14:17","guid":{"rendered":"http:\/\/stefan.fi\/wordpress\/?page_id=414"},"modified":"2024-12-31T02:39:12","modified_gmt":"2024-12-31T00:39:12","slug":"lehtileikesivu","status":"publish","type":"page","link":"https:\/\/stefan.fi\/wordpress\/media\/lehtileikesivu\/","title":{"rendered":"Press Reviews"},"content":{"rendered":"<p style=\"text-align: center;\">\u00a0&#8220;Panhuilisti Stefan Stanciu nousi illan vetonaulaksi kapellimestarin rinnalle. Soittimen kirkas mutta huokoinen karakt\u00e4\u00e4ri korostui entisest\u00e4\u00e4n orkesterin vaskivoittoista \u00e4\u00e4nivallia vasten. Kunnon solistin otteella Stanciun itsevarma fraasien j\u00e4t\u00e4tys ja soolojen suorasukaisuus eiv\u00e4t j\u00e4tt\u00e4neet yleis\u00f6\u00e4 kylm\u00e4ksi.&#8221;<br \/>\n<strong>Lapin Kansa, Aleksi Paalim\u00e4ki &#8211; 16.12.2017<\/strong><\/p>\n<p style=\"text-align: center;\">&#8220;Stefan Stanciu ja panhuilu. Melkoinen virtuoosi. &#8230;konsertissa oli kuultavana harvinaista herkkua&#8230; &#8230;Panhuilunsoiton edell\u00e4k\u00e4vij\u00e4 hurmasi yleis\u00f6n&#8230; &#8230;Konsertti oli kaunis ja ehj\u00e4 kokonaisuus&#8230; \u00a0&#8230;Kapellimestari \u00a0Minna Kajander kehui Stanciuta &#8220;mielett\u00f6m\u00e4ksi&#8221; solistiksi -H\u00e4nt\u00e4 oli helppo seurata, ja anteeksi vain, mekin kuulostimme paremmalta h\u00e4nen rinnallaan, Kajander nauroi.&#8221;<br \/>\n<strong>Lieksan Lehti, Marja M\u00f6ls\u00e4 &#8211; 26.11.2015<\/strong><\/p>\n<p style=\"text-align: center;\">&#8220;Stefan&#8230; puhalsi hienolla, m\u00e4\u00e4r\u00e4tietoisen musikaalisella tulkintaotteella.&#8221;<br \/>\n<strong>Kaleva, Esko Aho &#8211; 8.5.2015<\/strong><\/p>\n<p style=\"text-align: center;\">&#8220;\u00c4\u00e4nitteen ehdoton helmi on Ennio Morriconen Cinema Paradiso. Se, ett\u00e4 takakannessa lukee soolon kohdalla panhuilu, aiheuttaa ensin mielikuvan kadunkulmassa soittavasta resuisesta intiaanijoukkiosta tai menneiden vuosien diskobiitin p\u00e4\u00e4lle nauhoitetuista &#8220;suosikeista&#8221;. T\u00e4m\u00e4 mielikuva unohtuu heti. Stefan Stanciun taituroima soolo on henke\u00e4salpaavan upea, suorastaan ahdistavan kaunis. Panhuilu sopii puhallinorkesterin soolosoittimeksi, kunhan l\u00f6ytyy oikea kappale ja soittimen taitaja.&#8221;<br \/>\n<strong>Puhallinorkesteri-lehti, Marita Rantam\u00e4ki &#8211; 2014 kes\u00e4numero<\/strong><\/p>\n<p style=\"text-align: center;\">&#8220;&#8230;Cinema Paradiso tuotiin yleis\u00f6n kuultavaksi solisti Stefan Stanciun s\u00e4vykk\u00e4\u00e4n panhuilunsoiton johtamana.&#8221;<br \/>\n<strong>Turun Sanomat &#8211; 14.02.2014<\/strong><\/p>\n<p style=\"text-align: center;\">&#8220;&#8230;Stanciun panhuilusoolo nosti kylm\u00e4t v\u00e4reet selk\u00e4\u00e4n.&#8221;<br \/>\n<strong>Aamulehti, Elina Laurila &#8211; 14.09.2011<\/strong><\/p>\n<p style=\"text-align: center;\">&#8220;Stefan Stanciu hurmasi yleis\u00f6n panhuilullaan.&#8221;<br \/>\n<strong>Ilkka &#8211; 13.09.2011<\/strong><\/p>\n<p style=\"text-align: center;\">&#8220;Stefan Stanciusta esiintyv\u00e4n\u00e4 taiteilijana ei ole kuin pelkk\u00e4\u00e4 hyv\u00e4\u00e4 sanottavaa. H\u00e4nen k\u00e4sittelyss\u00e4\u00e4n melodiat panhuilulla soivat kauniisti. \u00c4\u00e4nenmuodostus on luontevaa. &#8230;M\u00e4\u00e4r\u00e4tietoinen musikaalinen n\u00e4kemys toteutuu pehme\u00e4n kaikuisana sointina.&#8221;<br \/>\n<strong>Satakunnan Kansa, Kaija Huida &#8211; 03.08.2010<\/strong><\/p>\n<p style=\"text-align: center;\">&#8220;Nuorta energiaa ja improvisaation iloa tarjosivat Suomen nuorin konserttiurkuri P\u00e9tur Sakari sek\u00e4 panhuiluvirtuoosi Stefan Stanciu&#8230;&#8221;<br \/>\n<strong>Maaselk\u00e4 &#8211; 12.11.2009<\/strong><\/p>\n<p style=\"text-align: center;\">&#8220;Maamme kruunaamaton panhuilukuningas Stefan Stanciu&#8230; &#8230;ett\u00e4 panhuilu taipuu varsin monenlaiseen musiikkiin. Bach, Satie ja erityisesti Bart\u00f3k soivat komeasti, mutta upeimpia ovat Piazzollan tangos\u00e4velet.&#8221;<br \/>\n<strong>ET-Lehti, H.O &#8211; 02.09.2008<\/strong><\/p>\n<p style=\"text-align: center;\">&#8220;Panhuilulle on ollut tapana irvailla, se on muka hissimusiikin pahin edustaja. H\u00f6psis! Maamme panhuiluspesialistin Stefan Stanciun k\u00e4siss\u00e4 soittimella sujuvat yll\u00e4tt\u00e4v\u00e4nkin sutjakkaasti Mozartit ja Telemannit, siin\u00e4 miss\u00e4 muillakin soittimilla. Eik\u00f6h\u00e4n se irvailu kohta lopu.&#8221;<br \/>\n<strong>Helsingin Sanomat, Mari Koppinen &#8211; 07.07.2006<\/strong><\/p>\n<p style=\"text-align: center;\">&#8220;K\u00e4nsla och virtuositet, harmoni och intensitet i Lovisa Kyrka. ..Stefan och Ilia f\u00f6rde lyssnarna p\u00e5 en 1_timmes uppt\u00e4cktsf\u00e4rd till landet d\u00e4r vardagens bekymmer inte existerar. &#8230;Det h\u00e4rliga stycket fl\u00f6dade fram p\u00e5 ett s\u00e4tt som gjorde det sv\u00e5rt att h\u00e5lla t\u00e5rarna tillbaka.&#8221;<br \/>\n<strong>\u00d6stra Nyland, Kimmo Havela &#8211; 09.08.2005<\/strong><\/p>\n<p style=\"text-align: center;\">&#8220;Det blev ocks\u00e5 en enast\u00e5ende upplevelse som panfl\u00f6jtisten, den verkliga virtuosen, Stefan Stanciu bj\u00f6d publiken p\u00e5. ..Stefan Stanciu hanterade sitt instrument med varm ock \u00e4kta inlevelse. Denna unga man m\u00e5ste uppfattas som en beg\u00e5vning&#8230; Det var som om han \u00e4gnade varje ton sin personliga tolkning, s\u00e5v\u00e4l i de vackra och k\u00e4nsliga musikstyckena som i de mer livliga och eldiga varianterna.&#8221;<br \/>\n<strong>\u00d6stra Nyland, C. Liljendahl &#8211; 13.11.2001<\/strong><\/p>\n<p style=\"text-align: center;\">&#8220;Karismatisk ock skicklig ung panfl\u00f6jtist vappg\u00e4stade Borg\u00e5. &#8230;Det h\u00e4r sydl\u00e4ndska tonfl\u00f6det kunde sm\u00e4lta isberg.&#8221;<br \/>\n<strong>Borg\u00e5bladet &#8211; 05.05.1998<\/strong><\/p>\n<p style=\"text-align: center;\">&#8220;&#8230;Stefan ihastutti yleis\u00f6ns\u00e4 ensi hetkest\u00e4 alkaen&#8230; &#8230;hurjalla tekniikalla ja temperamentilla&#8230; Stefan hallitsee soittimensa \u00e4llistytt\u00e4v\u00e4n varmasti ja h\u00e4nest\u00e4 huokuu vapautunut soittamisen ilo, joka tarttuu kuulijaan luoden h\u00e4nen taiteelleen kunnioittavan ja ihailevan ilmapiirin.&#8221;<br \/>\n<strong>Kouvolan Sanomat, Hannele Dolk &#8211; 18.10.1996<\/strong><\/p>\n<p style=\"text-align: center;\">&#8220;Stefan kaiho\u00e4\u00e4nisine panhuiluineen ihastutti niin paljon, ett\u00e4 kuultuaan yhden esityksen odotti jo seuraavaa.&#8221;<br \/>\n<strong>Etel\u00e4-Saimaa, Tuula Hirvenoja &#8211; 02.05.1994<\/strong><\/p>\n<p style=\"text-align: center;\"><a href=\"https:\/\/stefan.fi\/wordpress\/wp-content\/uploads\/2014\/06\/FRIITI-ARTIKKELI-PanhuiluRomanianMyyttinenKansallissoitin.pdf\" target=\"_blank\" rel=\"noopener noreferrer\">\u00a0Panhuilu Romanian Myyttinen Kansallissoitin\u00a0 (PDF-tiedosto)<\/a><br \/>\n<strong>Friiti Kansan Musiikkilehti &#8211; Nro.6\/ 2006<\/strong><\/p>\n<div id='gallery-1' class='gallery galleryid-414 gallery-columns-5 gallery-size-thumbnail'><figure class='gallery-item'>\n\t\t\t<div class='gallery-icon portrait'>\n\t\t\t\t<a href='https:\/\/stefan.fi\/wordpress\/wp-content\/uploads\/2014\/06\/Stefan-lehtijuttu-2.jpg'><img loading=\"lazy\" decoding=\"async\" width=\"150\" height=\"150\" src=\"https:\/\/stefan.fi\/wordpress\/wp-content\/uploads\/2014\/06\/Stefan-lehtijuttu-2-150x150.jpg\" class=\"attachment-thumbnail size-thumbnail\" alt=\"\" aria-describedby=\"gallery-1-193\" \/><\/a>\n\t\t\t<\/div>\n\t\t\t\t<figcaption class='wp-caption-text gallery-caption' id='gallery-1-193'>\n\t\t\t\tVantaan Sanomat 26.10.2005\n\t\t\t\t<\/figcaption><\/figure><figure class='gallery-item'>\n\t\t\t<div class='gallery-icon landscape'>\n\t\t\t\t<a href='https:\/\/stefan.fi\/wordpress\/wp-content\/uploads\/2014\/02\/Stefan-lehtijuttu-24.jpg'><img loading=\"lazy\" decoding=\"async\" width=\"150\" height=\"150\" src=\"https:\/\/stefan.fi\/wordpress\/wp-content\/uploads\/2014\/02\/Stefan-lehtijuttu-24-150x150.jpg\" class=\"attachment-thumbnail size-thumbnail\" alt=\"\" aria-describedby=\"gallery-1-203\" \/><\/a>\n\t\t\t<\/div>\n\t\t\t\t<figcaption class='wp-caption-text gallery-caption' id='gallery-1-203'>\n\t\t\t\tHuilistilehti 2\/2006\n\t\t\t\t<\/figcaption><\/figure><figure class='gallery-item'>\n\t\t\t<div class='gallery-icon portrait'>\n\t\t\t\t<a href='https:\/\/stefan.fi\/wordpress\/wp-content\/uploads\/2014\/06\/Rantapohja-Etusivu.jpg'><img loading=\"lazy\" decoding=\"async\" width=\"150\" height=\"150\" src=\"https:\/\/stefan.fi\/wordpress\/wp-content\/uploads\/2014\/06\/Rantapohja-Etusivu-150x150.jpg\" class=\"attachment-thumbnail size-thumbnail\" alt=\"\" aria-describedby=\"gallery-1-192\" srcset=\"https:\/\/stefan.fi\/wordpress\/wp-content\/uploads\/2014\/06\/Rantapohja-Etusivu-150x150.jpg 150w, https:\/\/stefan.fi\/wordpress\/wp-content\/uploads\/2014\/06\/Rantapohja-Etusivu-300x300.jpg 300w, https:\/\/stefan.fi\/wordpress\/wp-content\/uploads\/2014\/06\/Rantapohja-Etusivu.jpg 640w\" sizes=\"auto, (max-width: 150px) 100vw, 150px\" \/><\/a>\n\t\t\t<\/div>\n\t\t\t\t<figcaption class='wp-caption-text gallery-caption' id='gallery-1-192'>\n\t\t\t\tRantapohja 9.8.2007\n\t\t\t\t<\/figcaption><\/figure><figure class='gallery-item'>\n\t\t\t<div class='gallery-icon landscape'>\n\t\t\t\t<a href='https:\/\/stefan.fi\/wordpress\/wp-content\/uploads\/2014\/06\/Aamuposti-15102008-02.jpg'><img loading=\"lazy\" decoding=\"async\" width=\"150\" height=\"150\" src=\"https:\/\/stefan.fi\/wordpress\/wp-content\/uploads\/2014\/06\/Aamuposti-15102008-02-150x150.jpg\" class=\"attachment-thumbnail size-thumbnail\" alt=\"\" aria-describedby=\"gallery-1-189\" \/><\/a>\n\t\t\t<\/div>\n\t\t\t\t<figcaption class='wp-caption-text gallery-caption' id='gallery-1-189'>\n\t\t\t\tAamuposti 15.10.2008\n\t\t\t\t<\/figcaption><\/figure><figure class='gallery-item'>\n\t\t\t<div class='gallery-icon landscape'>\n\t\t\t\t<a href='https:\/\/stefan.fi\/wordpress\/wp-content\/uploads\/2014\/06\/Liminka-Rantalakeus-250609.jpg'><img loading=\"lazy\" decoding=\"async\" width=\"150\" height=\"150\" src=\"https:\/\/stefan.fi\/wordpress\/wp-content\/uploads\/2014\/06\/Liminka-Rantalakeus-250609-150x150.jpg\" class=\"attachment-thumbnail size-thumbnail\" alt=\"\" aria-describedby=\"gallery-1-191\" \/><\/a>\n\t\t\t<\/div>\n\t\t\t\t<figcaption class='wp-caption-text gallery-caption' id='gallery-1-191'>\n\t\t\t\tRantalakeus 25.6.2009\n\t\t\t\t<\/figcaption><\/figure>\n\t\t<\/div>\n\n","protected":false},"excerpt":{"rendered":"<p>\u00a0&#8220;Panhuilisti Stefan Stanciu nousi illan vetonaulaksi kapellimestarin rinnalle. Soittimen kirkas mutta huokoinen karakt\u00e4\u00e4ri korostui entisest\u00e4\u00e4n orkesterin vaskivoittoista \u00e4\u00e4nivallia <a href=\"https:\/\/stefan.fi\/wordpress\/media\/lehtileikesivu\/\">Continue reading<\/a><\/p>\n","protected":false},"author":1,"featured_media":0,"parent":11,"menu_order":0,"comment_status":"closed","ping_status":"closed","template":"","meta":{"footnotes":""},"class_list":["post-414","page","type-page","status-publish","hentry"],"_links":{"self":[{"href":"https:\/\/stefan.fi\/wordpress\/wp-json\/wp\/v2\/pages\/414","targetHints":{"allow":["GET"]}}],"collection":[{"href":"https:\/\/stefan.fi\/wordpress\/wp-json\/wp\/v2\/pages"}],"about":[{"href":"https:\/\/stefan.fi\/wordpress\/wp-json\/wp\/v2\/types\/page"}],"author":[{"embeddable":true,"href":"https:\/\/stefan.fi\/wordpress\/wp-json\/wp\/v2\/users\/1"}],"replies":[{"embeddable":true,"href":"https:\/\/stefan.fi\/wordpress\/wp-json\/wp\/v2\/comments?post=414"}],"version-history":[{"count":13,"href":"https:\/\/stefan.fi\/wordpress\/wp-json\/wp\/v2\/pages\/414\/revisions"}],"predecessor-version":[{"id":1304,"href":"https:\/\/stefan.fi\/wordpress\/wp-json\/wp\/v2\/pages\/414\/revisions\/1304"}],"up":[{"embeddable":true,"href":"https:\/\/stefan.fi\/wordpress\/wp-json\/wp\/v2\/pages\/11"}],"wp:attachment":[{"href":"https:\/\/stefan.fi\/wordpress\/wp-json\/wp\/v2\/media?parent=414"}],"curies":[{"name":"wp","href":"https:\/\/api.w.org\/{rel}","templated":true}]}}